{"id":1234,"date":"2026-03-31T11:05:42","date_gmt":"2026-03-31T11:05:42","guid":{"rendered":"https:\/\/atalmina.com\/condiciones-de-pago\/"},"modified":"2026-04-21T12:06:56","modified_gmt":"2026-04-21T12:06:56","slug":"condiciones-de-pago","status":"publish","type":"page","link":"https:\/\/atalmina.com\/es\/condiciones-de-pago\/","title":{"rendered":"Condiciones de Pago"},"content":{"rendered":"\t\t<div data-elementor-type=\"wp-page\" data-elementor-id=\"1234\" class=\"elementor elementor-1234 elementor-528\" data-elementor-post-type=\"page\">\n\t\t\t\t<div class=\"elementor-element elementor-element-728fd70 e-flex e-con-boxed e-con e-parent\" data-id=\"728fd70\" data-element_type=\"container\" data-e-type=\"container\">\n\t\t\t\t\t<div class=\"e-con-inner\">\n\t\t<div class=\"elementor-element elementor-element-0390fe2 e-flex e-con-boxed e-con e-child\" data-id=\"0390fe2\" data-element_type=\"container\" data-e-type=\"container\">\n\t\t\t\t\t<div class=\"e-con-inner\">\n\t\t\t\t<div class=\"elementor-element elementor-element-d1ecd18 elementor-widget elementor-widget-text-editor\" data-id=\"d1ecd18\" data-element_type=\"widget\" data-e-type=\"widget\" data-widget_type=\"text-editor.default\">\n\t\t\t\t\t\t\t\t\t<p>Condiciones de Pago<\/p>\t\t\t\t\t\t\t\t<\/div>\n\t\t\t\t<div class=\"elementor-element elementor-element-8ee3688 elementor-widget elementor-widget-heading\" data-id=\"8ee3688\" data-element_type=\"widget\" data-e-type=\"widget\" data-widget_type=\"heading.default\">\n\t\t\t\t\t<h1 class=\"elementor-heading-title elementor-size-default\">Condiciones claras de pago y facturaci\u00f3n<\/h1>\t\t\t\t<\/div>\n\t\t\t\t<div class=\"elementor-element elementor-element-0019dc8 elementor-widget elementor-widget-text-editor\" data-id=\"0019dc8\" data-element_type=\"widget\" data-e-type=\"widget\" data-widget_type=\"text-editor.default\">\n\t\t\t\t\t\t\t\t\t<p>Define cu\u00e1ndo y c\u00f3mo se realizan los pagos.<\/p>\t\t\t\t\t\t\t\t<\/div>\n\t\t\t\t\t<\/div>\n\t\t\t\t<\/div>\n\t\t\t\t\t<\/div>\n\t\t\t\t<\/div>\n\t\t<div class=\"elementor-element elementor-element-bc35376 e-flex e-con-boxed e-con e-parent\" data-id=\"bc35376\" data-element_type=\"container\" data-e-type=\"container\">\n\t\t\t\t\t<div class=\"e-con-inner\">\n\t\t<div class=\"elementor-element elementor-element-ab23383 e-con-full e-flex e-con e-child\" data-id=\"ab23383\" data-element_type=\"container\" data-e-type=\"container\">\n\t\t\t\t<div class=\"elementor-element elementor-element-c4c7f6a elementor-widget elementor-widget-heading\" data-id=\"c4c7f6a\" data-element_type=\"widget\" data-e-type=\"widget\" data-widget_type=\"heading.default\">\n\t\t\t\t\t<h2 class=\"elementor-heading-title elementor-size-default\">Condiciones de Pago<\/h2>\t\t\t\t<\/div>\n\t\t\t\t<div class=\"elementor-element elementor-element-1886a30 elementor-widget elementor-widget-shortcode\" data-id=\"1886a30\" data-element_type=\"widget\" data-e-type=\"widget\" id=\"payment-terms\" data-widget_type=\"shortcode.default\">\n\t\t\t\t\t\t\t<div class=\"elementor-shortcode\">\n<table id=\"tablepress-1\" class=\"tablepress tablepress-id-1\">\n<thead>\n<tr class=\"row-1\">\n\t<th class=\"column-1\">SCHEDULE<\/th><th class=\"column-2\">1st year<\/th><th class=\"column-3\">2nd year<\/th><th class=\"column-4\">3rd year<\/th>\n<\/tr>\n<\/thead>\n<tbody class=\"row-striping\">\n<tr class=\"row-2\">\n\t<td class=\"column-1\">Planning permission<\/td><td class=\"column-2\"><\/td><td class=\"column-3\"><\/td><td class=\"column-4\"><\/td>\n<\/tr>\n<tr class=\"row-3\">\n\t<td class=\"column-1\">Construction<\/td><td class=\"column-2\"><\/td><td class=\"column-3\"><\/td><td class=\"column-4\"><\/td>\n<\/tr>\n<tr class=\"row-4\">\n\t<td class=\"column-1\">Entrega de la vivienda<\/td><td class=\"column-2\"><\/td><td class=\"column-3\"><\/td><td class=\"column-4\"><\/td>\n<\/tr>\n<\/tbody>\n<\/table>\n<!-- #tablepress-1 from cache --><\/div>\n\t\t\t\t\t\t<\/div>\n\t\t\t\t<div class=\"elementor-element elementor-element-6372517 elementor-widget elementor-widget-shortcode\" data-id=\"6372517\" data-element_type=\"widget\" data-e-type=\"widget\" id=\"payment-terms\" data-widget_type=\"shortcode.default\">\n\t\t\t\t\t\t\t<div class=\"elementor-shortcode\">\n<table id=\"tablepress-3\" class=\"tablepress tablepress-id-3\">\n<thead>\n<tr class=\"row-1\">\n\t<th class=\"column-1\">PAYMENTS<\/th><th class=\"column-2\">1st year<\/th><th class=\"column-3\">2nd year<\/th><th class=\"column-4\">3rd year<\/th>\n<\/tr>\n<\/thead>\n<tbody class=\"row-striping\">\n<tr class=\"row-2\">\n\t<td class=\"column-1\">Booking<\/td><td class=\"column-2\">1%<\/td><td class=\"column-3\"><\/td><td class=\"column-4\"><\/td>\n<\/tr>\n<tr class=\"row-3\">\n\t<td class=\"column-1\">Private contract<\/td><td class=\"column-2\"><\/td><td class=\"column-3\">19%<\/td><td class=\"column-4\">10%<\/td>\n<\/tr>\n<tr class=\"row-4\">\n\t<td class=\"column-1\">Public deed and delivery<\/td><td class=\"column-2\"><\/td><td class=\"column-3\"><\/td><td class=\"column-4\">70%<\/td>\n<\/tr>\n<\/tbody>\n<\/table>\n<!-- #tablepress-3 from cache --><\/div>\n\t\t\t\t\t\t<\/div>\n\t\t\t\t<\/div>\n\t\t<div class=\"elementor-element elementor-element-447544b e-con-full e-flex e-con e-child\" data-id=\"447544b\" data-element_type=\"container\" data-e-type=\"container\">\n\t\t\t\t<div class=\"elementor-element elementor-element-94526aa elementor-widget elementor-widget-heading\" data-id=\"94526aa\" data-element_type=\"widget\" data-e-type=\"widget\" data-widget_type=\"heading.default\">\n\t\t\t\t\t<h2 class=\"elementor-heading-title elementor-size-default\">Calcule su Hipoteca<\/h2>\t\t\t\t<\/div>\n\t\t\t\t<div class=\"elementor-element elementor-element-527460b elementor-widget elementor-widget-html\" data-id=\"527460b\" data-element_type=\"widget\" data-e-type=\"widget\" id=\"calc-mort\" data-widget_type=\"html.default\">\n\t\t\t\t\t<style>\r\n            #calc-mort .row {\r\n            display: flex;\r\n            align-items: flex-end;\r\n            gap: 8px;\r\n        }\r\n\r\n        #calc-mort .field {\r\n            position: relative;\r\n            flex: 1;\r\n        }\r\n\r\n        #calc-mort .field input {\r\n            width: 100%;\r\n            border: 1px solid #AB9C93;\r\n            border-radius: 0;\r\n            padding: 10px 16px;\r\n            color: #AB9C93;\r\n            background: transparent;\r\n            outline: none;\r\n            font-family: Poppins;\r\n            font-size: 18px;\r\n            font-style: normal;\r\n            font-weight: 400;\r\n            line-height: 28px;\r\n        }\r\n\r\n        #calc-mort .field:not(:first-child) input {\r\n        }\r\n\r\n        #calc-mort .field input::placeholder {\r\n            color: #b0a090;\r\n            font-size: 13px;\r\n        }\r\n\r\n        #calc-mort .field input:focus {\r\n            border-color: #8a7060;\r\n            z-index: 1;\r\n            position: relative;\r\n        }\r\n\r\n        #calc-mort .suffix {\r\n            position: absolute;\r\n            right: 10px;\r\n            top: 50%;\r\n            transform: translateY(-50%);\r\n            font-size: 13px;\r\n            color: #b0a090;\r\n            pointer-events: none;\r\n        }\r\n\r\n        #calc-mort .result-field {\r\n            display: flex;\r\n            flex-direction: column;\r\n            align-items: flex-end;\r\n            padding-left: 24px;\r\n            min-width: 130px;\r\n        }\r\n\r\n        #calc-mort .result-label {\r\n            color: #AB9C93;\r\n            margin-bottom: 4px;\r\n            font-family: Poppins;\r\n            font-size: 18px;\r\n            font-style: normal;\r\n            font-weight: 400;\r\n            line-height: 28px;\r\n        }\r\n\r\n        #calc-mort .result-line {\r\n            display: flex;\r\n            align-items: baseline;\r\n            gap: 6px;\r\n            border-bottom: 1px solid #2F2722;\r\n            width: 100%;\r\n            justify-content: flex-end;\r\n            padding-bottom: 6px;\r\n        }\r\n\r\n        #calc-mort .result-amount {\r\n            font-size: 20px;\r\n            font-weight: 500;\r\n            color: #2F2722;\r\n            min-width: 80px;\r\n            text-align: right;\r\n            font-family: 'Poppins';\r\n        }\r\n\r\n        #calc-mort .result-currency {\r\n            font-size: 16px;\r\n            color: #888;\r\n        }\r\n\r\n        #calc-mort .details {\r\n            display: flex;\r\n            gap: 24px;\r\n            margin-top: 1.5rem;\r\n        }\r\n\r\n        #calc-mort .detail {\r\n            flex: 1;\r\n            background: #f5f3f0;\r\n            border-radius: 8px;\r\n            padding: 0.75rem 1rem;\r\n        }\r\n\r\n        #calc-mort .detail-label {\r\n            font-size: 16px;\r\n            color: #AB9C93;\r\n            margin-bottom: 2px;\r\n            font-family: 'Poppins';\r\n        }\r\n\r\n        #calc-mort .detail-value {\r\n            font-size: 16px;\r\n            font-weight: 500;\r\n            color: #2F2722;\r\n            font-family: 'Poppins';\r\n        }\r\n\r\n        #calc-mort .field input::placeholder {\r\n            font-size: 18px;\r\n            color: #AB9C93;\r\n        }\r\n\r\n        \/* Chrome, Safari, Edge, Opera *\/\r\n        #calc-mort input::-webkit-outer-spin-button,\r\n        #calc-mort input::-webkit-inner-spin-button {\r\n            -webkit-appearance: none;\r\n            margin: 0;\r\n        }\r\n\r\n        \/* Firefox *\/\r\n        #calc-mort input[type=number] {\r\n            -moz-appearance: textfield;\r\n        }\r\n<\/style>  \r\n  <div class=\"row\">\r\n    <div class=\"field\">\r\n      <input type=\"number\" id=\"amount\" placeholder=\"Importe de la hipoteca\" min=\"0\">\r\n      <span class=\"suffix\">\u20ac<\/span>\r\n    <\/div>\r\n    <div class=\"field\">\r\n      <input type=\"number\" id=\"term\" placeholder=\"Plazo en a\u00f1os\" min=\"1\" max=\"50\">\r\n    <\/div>\r\n    <div class=\"field\">\r\n      <input type=\"number\" id=\"rate\" placeholder=\"Tipo de Inter\u00e9s\" step=\"0.01\" min=\"0\">\r\n      <span class=\"suffix\">%<\/span>\r\n    <\/div>\r\n    <div class=\"result-field\">\r\n      <span class=\"result-label\">Cuota mensual<\/span>\r\n      <div class=\"result-line\">\r\n        <span class=\"result-amount\" id=\"monthly\">\u2014<\/span>\r\n        <span class=\"result-currency\">\u20ac<\/span>\r\n      <\/div>\r\n    <\/div>\r\n  <\/div>\r\n\r\n  <!--<div class=\"details\" id=\"details\" style=\"display:none\">-->\r\n  <!--  <div class=\"detail\">-->\r\n  <!--    <div class=\"detail-label\">Total repaid<\/div>-->\r\n  <!--    <div class=\"detail-value\" id=\"total\">\u2014<\/div>-->\r\n  <!--  <\/div>-->\r\n  <!--  <div class=\"detail\">-->\r\n  <!--    <div class=\"detail-label\">Total interest<\/div>-->\r\n  <!--    <div class=\"detail-value\" id=\"interest\">\u2014<\/div>-->\r\n  <!--  <\/div>-->\r\n  <!--<\/div>-->\r\n\r\n  <script>\r\n    function fmt(n) { return '\u20ac' + Math.round(n).toLocaleString('de-DE'); }\r\n\r\n    function calc() {\r\n      const P = parseFloat(document.getElementById('amount').value);\r\n      const years = parseFloat(document.getElementById('term').value);\r\n      const annualRate = parseFloat(document.getElementById('rate').value);\r\n\r\n      if (!P || !years || isNaN(annualRate) || P <= 0 || years <= 0) {\r\n        document.getElementById('monthly').textContent = '\u2014';\r\n        document.getElementById('details').style.display = 'none';\r\n        return;\r\n      }\r\n\r\n      const n = years * 12;\r\n      let monthly;\r\n      if (annualRate === 0) {\r\n        monthly = P \/ n;\r\n      } else {\r\n        const r = annualRate \/ 100 \/ 12;\r\n        monthly = P * r * Math.pow(1+r, n) \/ (Math.pow(1+r, n) - 1);\r\n      }\r\n\r\n      const total = monthly * n;\r\n      const interest = total - P;\r\n\r\n      document.getElementById('monthly').textContent = Math.round(monthly).toLocaleString('de-DE');\r\n      document.getElementById('total').textContent = fmt(total);\r\n      document.getElementById('interest').textContent = fmt(interest);\r\n      document.getElementById('details').style.display = 'flex';\r\n    }\r\n\r\n    ['amount','term','rate'].forEach(id => document.getElementById(id).addEventListener('input', calc));\r\n  <\/script>\t\t\t\t<\/div>\n\t\t\t\t<\/div>\n\t\t\t\t\t<\/div>\n\t\t\t\t<\/div>\n\t\t<div class=\"elementor-element elementor-element-8874532 e-flex e-con-boxed e-con e-parent\" data-id=\"8874532\" data-element_type=\"container\" data-e-type=\"container\" data-settings=\"{&quot;background_background&quot;:&quot;classic&quot;}\">\n\t\t\t\t\t<div class=\"e-con-inner\">\n\t\t\t\t<div class=\"elementor-element elementor-element-6bc6cc7 elementor-widget elementor-widget-heading\" data-id=\"6bc6cc7\" data-element_type=\"widget\" data-e-type=\"widget\" data-widget_type=\"heading.default\">\n\t\t\t\t\t<h2 class=\"elementor-heading-title elementor-size-default\">\u00bfPreparado? Dir\u00edjase a la secci\u00f3n de Apartamentos y elija el suyo en 15,8 segundos. <\/h2>\t\t\t\t<\/div>\n\t\t\t\t\t<\/div>\n\t\t\t\t<\/div>\n\t\t\t\t<\/div>\n\t\t","protected":false},"excerpt":{"rendered":"<p>Condiciones de Pago Condiciones claras de pago y facturaci\u00f3n Define cu\u00e1ndo y c\u00f3mo se realizan los pagos. Condiciones de Pago Calcule su Hipoteca \u20ac % Cuota mensual \u2014 \u20ac \u00bfPreparado? Dir\u00edjase a la secci\u00f3n de Apartamentos y elija el suyo en 15,8 segundos.<\/p>\n","protected":false},"author":1,"featured_media":0,"parent":0,"menu_order":0,"comment_status":"closed","ping_status":"closed","template":"elementor_header_footer","meta":{"inline_featured_image":false,"footnotes":""},"class_list":["post-1234","page","type-page","status-publish","hentry"],"acf":[],"_links":{"self":[{"href":"https:\/\/atalmina.com\/es\/wp-json\/wp\/v2\/pages\/1234","targetHints":{"allow":["GET"]}}],"collection":[{"href":"https:\/\/atalmina.com\/es\/wp-json\/wp\/v2\/pages"}],"about":[{"href":"https:\/\/atalmina.com\/es\/wp-json\/wp\/v2\/types\/page"}],"author":[{"embeddable":true,"href":"https:\/\/atalmina.com\/es\/wp-json\/wp\/v2\/users\/1"}],"replies":[{"embeddable":true,"href":"https:\/\/atalmina.com\/es\/wp-json\/wp\/v2\/comments?post=1234"}],"version-history":[{"count":1,"href":"https:\/\/atalmina.com\/es\/wp-json\/wp\/v2\/pages\/1234\/revisions"}],"predecessor-version":[{"id":1235,"href":"https:\/\/atalmina.com\/es\/wp-json\/wp\/v2\/pages\/1234\/revisions\/1235"}],"wp:attachment":[{"href":"https:\/\/atalmina.com\/es\/wp-json\/wp\/v2\/media?parent=1234"}],"curies":[{"name":"wp","href":"https:\/\/api.w.org\/{rel}","templated":true}]}}